{"id":3,"date":"2019-07-07T22:25:35","date_gmt":"2019-07-07T20:25:35","guid":{"rendered":"http:\/\/www.lesptitsmatins.fr\/?page_id=3"},"modified":"2022-05-19T12:20:56","modified_gmt":"2022-05-19T10:20:56","slug":"politique-de-confidentialite","status":"publish","type":"page","link":"https:\/\/www.lesptitsmatins.fr\/index.php\/politique-de-confidentialite\/","title":{"rendered":"Politique de confidentialit\u00e9"},"content":{"rendered":"\n<p>Les lois du 6 janvier 1978, modifi\u00e9e le 7 ao\u00fbt 2004, et du 21 juin 2004 imposent de faire appara\u00eetre certaines mentions sur un site internet d\u2019une association. (* mentions obligatoire)<\/p>\n\n\n\n<h2>Qui sommes-nous&nbsp;?<\/h2>\n\n\n\n<p>L\u2019adresse de notre site Web est&nbsp;: http:\/\/www.lesptitsmatins.fr<\/p>\n\n\n\n<p>Notre H\u00e9bergeur&nbsp; : <a href=\"http:\/\/wordpress.com\/\" target=\"_blank\" rel=\"noreferrer noopener\">wordpress.com<\/a>&nbsp;: AUTOMATTIC INC<br>Adresse : 60 29th Street #343, San Francisco, CA 94110, United States of America<br>Contact :&nbsp;<a href=\"https:\/\/automattic.com\/contact\/\" target=\"_blank\" rel=\"noreferrer noopener\">https:\/\/automattic.com\/contact\/<\/a><br>Politique de confidentialit\u00e9&nbsp;<a href=\"https:\/\/automattic.com\/privacy\/\" target=\"_blank\" rel=\"noreferrer noopener\">https:\/\/automattic.com\/privacy\/<\/a><\/p>\n\n\n\n<h2>Protection des donn\u00e9es personnelles RGPD<\/h2>\n\n\n\n<p>Les informations recueillies sur le formulaire ne sont pas enregistr\u00e9es dans un fichier informatis\u00e9.&nbsp;&nbsp;<em>(R\u00e8glement G\u00e9n\u00e9ral sur la Protection des Donn\u00e9es&nbsp;personnelles, applicable dans tous les pays de l\u2019Union europ\u00e9enne,&nbsp;le&nbsp;25 mai 2018<\/em><\/p>\n\n\n\n<h2>Droits d\u2019auteur <br>Toute reproduction, repr\u00e9sentation, modification, adaptation de tout ou partie des \u00e9l\u00e9ments du site, quel que soit le moyen ou le proc\u00e9d\u00e9 utilis\u00e9, est strictement interdite, sauf autorisation \u00e9crite pr\u00e9alable du responsable du site<\/h2>\n\n\n\n<h2>Commentaires<\/h2>\n\n\n\n<p>Quand vous laissez un commentaire sur notre site web, les donn\u00e9es inscrites dans le formulaire de commentaire, mais aussi votre adresse IP et l\u2019agent utilisateur de votre navigateur sont collect\u00e9s pour nous aider \u00e0 la d\u00e9tection des commentaires ind\u00e9sirables.<\/p>\n\n\n\n<p><\/p>\n\n\n\n<h3>Formulaires de contact<\/h3>\n\n\n\n<h3>Cookies<\/h3>\n\n\n\n<p>Si vous d\u00e9posez un commentaire sur notre site, il vous sera propos\u00e9 d\u2019enregistrer votre nom, adresse de messagerie et site web dans des cookies. C\u2019est uniquement pour votre confort afin de ne pas avoir \u00e0 saisir ces informations si vous d\u00e9posez un autre commentaire plus tard. Ces cookies expirent au bout d\u2019un an.<\/p>\n\n\n\n<p>Si vous avez un compte et que vous vous connectez sur ce site, un cookie temporaire sera cr\u00e9\u00e9 afin de d\u00e9terminer si votre navigateur accepte les cookies. Il ne contient pas de donn\u00e9es personnelles et sera supprim\u00e9 automatiquement \u00e0 la fermeture de votre navigateur.<\/p>\n\n\n\n<p>Lorsque vous vous connecterez, nous mettrons en place un certain nombre de cookies pour enregistrer vos informations de connexion et vos pr\u00e9f\u00e9rences d\u2019\u00e9cran. La dur\u00e9e de vie d\u2019un cookie de connexion est de deux jours, celle d\u2019un cookie d\u2019option d\u2019\u00e9cran est d\u2019un an. Si vous cochez \u00ab&nbsp;Se souvenir de moi&nbsp;\u00bb, votre cookie de connexion sera conserv\u00e9 pendant deux semaines. Si vous vous d\u00e9connectez de votre compte, le cookie de connexion sera effac\u00e9.<\/p>\n\n\n\n<p>En modifiant ou en publiant une publication, un cookie suppl\u00e9mentaire sera enregistr\u00e9 dans votre navigateur. Ce cookie ne comprend aucune donn\u00e9e personnelle. Il indique simplement l\u2019ID de la publication que vous venez de modifier. Il expire au bout d\u2019un jour.<\/p>\n\n\n\n<h3>Dur\u00e9es de stockage de vos donn\u00e9es<\/h3>\n\n\n\n<p>Si vous laissez un commentaire, le commentaire et ses m\u00e9tadonn\u00e9es sont conserv\u00e9s ind\u00e9finiment. Cela permet de reconna\u00eetre et approuver automatiquement les commentaires suivants au lieu de les laisser dans la file de mod\u00e9ration.<\/p>\n\n\n\n<p>Pour les utilisateurs et utilisatrices qui s\u2019enregistrent sur notre site (si cela est possible), nous stockons \u00e9galement les donn\u00e9es personnelles indiqu\u00e9es dans leur profil. Tous les utilisateurs et utilisatrices peuvent voir, modifier ou supprimer leurs informations personnelles \u00e0 tout moment (\u00e0 l\u2019exception de leur nom d\u2019utilisateur\u00b7ice). Les gestionnaires du site peuvent aussi voir et modifier ces informations.<\/p>\n","protected":false},"excerpt":{"rendered":"<p>Les lois du 6 janvier 1978, modifi\u00e9e le 7 ao\u00fbt 2004, et du 21 juin 2004 imposent de faire appara\u00eetre certaines mentions sur un site internet d\u2019une association. (* mentions obligatoire) Qui sommes-nous&nbsp;? L\u2019adresse de notre site Web est&nbsp;: http:\/\/www.lesptitsmatins.fr Notre H\u00e9bergeur&nbsp; : wordpress.com&nbsp;: AUTOMATTIC INCAdresse : 60 29th Street #343, San Francisco, CA 94110, &hellip; <\/p>\n<p class=\"link-more\"><a href=\"https:\/\/www.lesptitsmatins.fr\/index.php\/politique-de-confidentialite\/\" class=\"more-link\">Continuer la lecture<span class=\"screen-reader-text\"> de &laquo;&nbsp;Politique de confidentialit\u00e9&nbsp;&raquo;<\/span><\/a><\/p>\n","protected":false},"author":1,"featured_media":0,"parent":0,"menu_order":0,"comment_status":"closed","ping_status":"open","template":"","meta":[],"yoast_head":"<!-- This site is optimized with the Yoast SEO plugin v19.13 - https:\/\/yoast.com\/wordpress\/plugins\/seo\/ -->\n<title>Politique de confidentialit\u00e9 - Les P&#039;tits Matins<\/title>\n<meta name=\"robots\" content=\"index, follow, max-snippet:-1, max-image-preview:large, max-video-preview:-1\" \/>\n<link rel=\"canonical\" href=\"https:\/\/www.lesptitsmatins.fr\/index.php\/politique-de-confidentialite\/\" \/>\n<meta property=\"og:locale\" content=\"fr_FR\" \/>\n<meta property=\"og:type\" content=\"article\" \/>\n<meta property=\"og:title\" content=\"Politique de confidentialit\u00e9 - Les P&#039;tits Matins\" \/>\n<meta property=\"og:description\" content=\"Les lois du 6 janvier 1978, modifi\u00e9e le 7 ao\u00fbt 2004, et du 21 juin 2004 imposent de faire appara\u00eetre certaines mentions sur un site internet d\u2019une association. (* mentions obligatoire) Qui sommes-nous&nbsp;? L\u2019adresse de notre site Web est&nbsp;: http:\/\/www.lesptitsmatins.fr Notre H\u00e9bergeur&nbsp; : wordpress.com&nbsp;: AUTOMATTIC INCAdresse : 60 29th Street #343, San Francisco, CA 94110, &hellip; Continuer la lecture de &laquo;&nbsp;Politique de confidentialit\u00e9&nbsp;&raquo;\" \/>\n<meta property=\"og:url\" content=\"https:\/\/www.lesptitsmatins.fr\/index.php\/politique-de-confidentialite\/\" \/>\n<meta property=\"og:site_name\" content=\"Les P&#039;tits Matins\" \/>\n<meta property=\"article:modified_time\" content=\"2022-05-19T10:20:56+00:00\" \/>\n<meta name=\"twitter:card\" content=\"summary_large_image\" \/>\n<meta name=\"twitter:label1\" content=\"Dur\u00e9e de lecture est.\" \/>\n\t<meta name=\"twitter:data1\" content=\"3 minutes\" \/>\n<script type=\"application\/ld+json\" class=\"yoast-schema-graph\">{\"@context\":\"https:\/\/schema.org\",\"@graph\":[{\"@type\":\"WebPage\",\"@id\":\"https:\/\/www.lesptitsmatins.fr\/index.php\/politique-de-confidentialite\/\",\"url\":\"https:\/\/www.lesptitsmatins.fr\/index.php\/politique-de-confidentialite\/\",\"name\":\"Politique de confidentialit\u00e9 - Les P&#039;tits Matins\",\"isPartOf\":{\"@id\":\"https:\/\/www.lesptitsmatins.fr\/#website\"},\"datePublished\":\"2019-07-07T20:25:35+00:00\",\"dateModified\":\"2022-05-19T10:20:56+00:00\",\"breadcrumb\":{\"@id\":\"https:\/\/www.lesptitsmatins.fr\/index.php\/politique-de-confidentialite\/#breadcrumb\"},\"inLanguage\":\"fr-BE\",\"potentialAction\":[{\"@type\":\"ReadAction\",\"target\":[\"https:\/\/www.lesptitsmatins.fr\/index.php\/politique-de-confidentialite\/\"]}]},{\"@type\":\"BreadcrumbList\",\"@id\":\"https:\/\/www.lesptitsmatins.fr\/index.php\/politique-de-confidentialite\/#breadcrumb\",\"itemListElement\":[{\"@type\":\"ListItem\",\"position\":1,\"name\":\"Accueil\",\"item\":\"https:\/\/www.lesptitsmatins.fr\/\"},{\"@type\":\"ListItem\",\"position\":2,\"name\":\"Politique de confidentialit\u00e9\"}]},{\"@type\":\"WebSite\",\"@id\":\"https:\/\/www.lesptitsmatins.fr\/#website\",\"url\":\"https:\/\/www.lesptitsmatins.fr\/\",\"name\":\"Les Ptits Matins\",\"description\":\"Un lieu d&#039;accueil pour enfants en situation de handicap et leurs parents\",\"potentialAction\":[{\"@type\":\"SearchAction\",\"target\":{\"@type\":\"EntryPoint\",\"urlTemplate\":\"https:\/\/www.lesptitsmatins.fr\/?s={search_term_string}\"},\"query-input\":\"required name=search_term_string\"}],\"inLanguage\":\"fr-BE\"}]}<\/script>\n<!-- \/ Yoast SEO plugin. -->","yoast_head_json":{"title":"Politique de confidentialit\u00e9 - Les P&#039;tits Matins","robots":{"index":"index","follow":"follow","max-snippet":"max-snippet:-1","max-image-preview":"max-image-preview:large","max-video-preview":"max-video-preview:-1"},"canonical":"https:\/\/www.lesptitsmatins.fr\/index.php\/politique-de-confidentialite\/","og_locale":"fr_FR","og_type":"article","og_title":"Politique de confidentialit\u00e9 - Les P&#039;tits Matins","og_description":"Les lois du 6 janvier 1978, modifi\u00e9e le 7 ao\u00fbt 2004, et du 21 juin 2004 imposent de faire appara\u00eetre certaines mentions sur un site internet d\u2019une association. (* mentions obligatoire) Qui sommes-nous&nbsp;? L\u2019adresse de notre site Web est&nbsp;: http:\/\/www.lesptitsmatins.fr Notre H\u00e9bergeur&nbsp; : wordpress.com&nbsp;: AUTOMATTIC INCAdresse : 60 29th Street #343, San Francisco, CA 94110, &hellip; Continuer la lecture de &laquo;&nbsp;Politique de confidentialit\u00e9&nbsp;&raquo;","og_url":"https:\/\/www.lesptitsmatins.fr\/index.php\/politique-de-confidentialite\/","og_site_name":"Les P&#039;tits Matins","article_modified_time":"2022-05-19T10:20:56+00:00","twitter_card":"summary_large_image","twitter_misc":{"Dur\u00e9e de lecture est.":"3 minutes"},"schema":{"@context":"https:\/\/schema.org","@graph":[{"@type":"WebPage","@id":"https:\/\/www.lesptitsmatins.fr\/index.php\/politique-de-confidentialite\/","url":"https:\/\/www.lesptitsmatins.fr\/index.php\/politique-de-confidentialite\/","name":"Politique de confidentialit\u00e9 - Les P&#039;tits Matins","isPartOf":{"@id":"https:\/\/www.lesptitsmatins.fr\/#website"},"datePublished":"2019-07-07T20:25:35+00:00","dateModified":"2022-05-19T10:20:56+00:00","breadcrumb":{"@id":"https:\/\/www.lesptitsmatins.fr\/index.php\/politique-de-confidentialite\/#breadcrumb"},"inLanguage":"fr-BE","potentialAction":[{"@type":"ReadAction","target":["https:\/\/www.lesptitsmatins.fr\/index.php\/politique-de-confidentialite\/"]}]},{"@type":"BreadcrumbList","@id":"https:\/\/www.lesptitsmatins.fr\/index.php\/politique-de-confidentialite\/#breadcrumb","itemListElement":[{"@type":"ListItem","position":1,"name":"Accueil","item":"https:\/\/www.lesptitsmatins.fr\/"},{"@type":"ListItem","position":2,"name":"Politique de confidentialit\u00e9"}]},{"@type":"WebSite","@id":"https:\/\/www.lesptitsmatins.fr\/#website","url":"https:\/\/www.lesptitsmatins.fr\/","name":"Les Ptits Matins","description":"Un lieu d&#039;accueil pour enfants en situation de handicap et leurs parents","potentialAction":[{"@type":"SearchAction","target":{"@type":"EntryPoint","urlTemplate":"https:\/\/www.lesptitsmatins.fr\/?s={search_term_string}"},"query-input":"required name=search_term_string"}],"inLanguage":"fr-BE"}]}},"_links":{"self":[{"href":"https:\/\/www.lesptitsmatins.fr\/index.php\/wp-json\/wp\/v2\/pages\/3"}],"collection":[{"href":"https:\/\/www.lesptitsmatins.fr\/index.php\/wp-json\/wp\/v2\/pages"}],"about":[{"href":"https:\/\/www.lesptitsmatins.fr\/index.php\/wp-json\/wp\/v2\/types\/page"}],"author":[{"embeddable":true,"href":"https:\/\/www.lesptitsmatins.fr\/index.php\/wp-json\/wp\/v2\/users\/1"}],"replies":[{"embeddable":true,"href":"https:\/\/www.lesptitsmatins.fr\/index.php\/wp-json\/wp\/v2\/comments?post=3"}],"version-history":[{"count":4,"href":"https:\/\/www.lesptitsmatins.fr\/index.php\/wp-json\/wp\/v2\/pages\/3\/revisions"}],"predecessor-version":[{"id":316,"href":"https:\/\/www.lesptitsmatins.fr\/index.php\/wp-json\/wp\/v2\/pages\/3\/revisions\/316"}],"wp:attachment":[{"href":"https:\/\/www.lesptitsmatins.fr\/index.php\/wp-json\/wp\/v2\/media?parent=3"}],"curies":[{"name":"wp","href":"https:\/\/api.w.org\/{rel}","templated":true}]}}