{"id":165,"date":"2019-07-11T11:47:56","date_gmt":"2019-07-11T09:47:56","guid":{"rendered":"http:\/\/www.lesptitsmatins.fr\/?page_id=165"},"modified":"2020-02-07T12:11:18","modified_gmt":"2020-02-07T11:11:18","slug":"laep-paris","status":"publish","type":"page","link":"https:\/\/www.lesptitsmatins.fr\/index.php\/laep-paris\/","title":{"rendered":"Laep Paris"},"content":{"rendered":"\n<p><strong><a href=\"https:\/\/estrelia.org\/laep-graine-de-familles\/\">Graine de Familles\u00a0<\/a><\/strong>(jusqu\u2019\u00e0 6 ans).<br> 8, rue Perdonnet\u00a075010 Paris.<\/p>\n\n\n\n<p>T\u00e9l. 01 42 09 82 30. M\u00b0 La Chapelle, Gare du Nord.&nbsp;<br> <em>Lundi, mardi, vendredi de 10h \u00e0 12h30 et 15h \u00e0 18h30.&nbsp;Mercredi de 15h \u00e0 18h30<\/em>.<\/p>\n\n\n\n<p><strong><a href=\"https:\/\/gouttedor-et-vous.org\/L-Arbre-Bleu-lieu-d-accueil-enfants-parents-organise-ses-portes-ouvertes\">L\u2019Arbre Bleu\u00a0<\/a><\/strong>(jusqu\u2019\u00e0 4 ans).<\/p>\n\n\n\n<p>52, rue Polonceau 75018 Paris.<\/p>\n\n\n\n<p>T\u00e9l. 01 42 59 38 26. M\u00b0 Ch\u00e2teau Rouge.&nbsp;<\/p>\n\n\n\n<p><em>Lundi, mardi, jeudi, vendredi, samedi de 15h \u00e0 18h. Mercredi de 14h30 \u00e0\n18h30.<\/em>&nbsp;<\/p>\n\n\n\n<p><strong><a href=\"http:\/\/www.fondation-de-rothschild.fr\/spip.php?rubrique38\">L\u2019Ilot B\u00e9b\u00e9<\/a><\/strong> (jusqu\u2019\u00e0 3 ans).<\/p>\n\n\n\n<p>4\/7, passage Dunois 75013 Paris.<\/p>\n\n\n\n<p>T\u00e9l. 01 53 61 53 40. M\u00b0 Chevaleret, Nationale.<\/p>\n\n\n\n<p><em>Lundi de 9h \u00e0 11h30 et 17 \u00e0 19h. Mardi de 9h \u00e0 11h30. Mercredi de 9h \u00e0\n11h30 et 15h00 \u00e0 18h00. Jeudi et vendredi de 9h \u00e0 11h30 et 15h \u00e0 18h. Samedi de\n9h30 \u00e0 12h et 14h30 \u00e0 17h30. Un dimanche sur deux de 14h30 \u00e0 17h30.&nbsp;<\/em><\/p>\n\n\n\n<p><strong><a href=\"http:\/\/iraec.com\/\">L\u2019IRAEC<\/a><\/strong> (jusqu\u2019\u00e0 4 ans).<\/p>\n\n\n\n<p>41, rue Joseph de Maistre 75018 Paris.<\/p>\n\n\n\n<p>T\u00e9l. 01 42 28 42 85. M\u00b0 Guy Mocquet.&nbsp;<\/p>\n\n\n\n<p><em>Lundi, mardi, jeudi de 14h30 \u00e0 19h. Samedi de 15h \u00e0 18h.<\/em>&nbsp;<\/p>\n\n\n\n<p><strong><a href=\"http:\/\/lababillo.fr\/\">La Babillo<\/a><\/strong>&nbsp;<\/p>\n\n\n\n<p>48, bis rue Boinot 75018 Paris.<\/p>\n\n\n\n<p>T\u00e9l. 01 42 57 14 01. M\u00b0 Marcadet Poissonniers.<\/p>\n\n\n\n<p><em>Lundi \u00e0 vendredi de 14h \u00e0 18h30. Samedi de 14h30 \u00e0 18h&nbsp;<\/em>(jusqu\u2019\u00e0\n4 ans).<\/p>\n\n\n\n<p><em>Samedi matin<\/em>&nbsp;: QuiDitQuoi (de 3 ans \u00e0 6 ans).<\/p>\n\n\n\n<p><strong><a href=\"https:\/\/labulledair.org\/\">La\nBulle d\u2019Air<\/a><\/strong> (jusqu\u2019\u00e0 4 ans).<\/p>\n\n\n\n<p>60 rue Greneta 75002 Paris.<\/p>\n\n\n\n<p>T\u00e9l. 01 42 36 82 46. M\u00b0 Sentier.<\/p>\n\n\n\n<p><em>Mardi, jeudi, samedi de 9h30 \u00e0 12h30. Mercredi, vendredi de 15h \u00e0 18h.<\/em>&nbsp;<\/p>\n\n\n\n<p><strong>La Caragole<\/strong>&nbsp;(jusqu\u2019\u00e0 4 ans).<\/p>\n\n\n\n<p>17, rue de l\u2019Echiquier 75010 Paris.<\/p>\n\n\n\n<p>T\u00e9l. 01 42 47 10 11. M\u00b0 Bonne Nouvelle.&nbsp;<\/p>\n\n\n\n<p><em>Lundi \u00e0 samedi de 15h \u00e0 18h. Mercredi de 9h30 \u00e0 12h30 et 15h \u00e0\n18h.&nbsp;<\/em><\/p>\n\n\n\n<p><strong><a href=\"http:\/\/www.104.fr\/presentation\/la-maison-des-petits.html\">La\nMaison des Petits du 104<\/a><\/strong> (jusqu\u2019\u00e0 5 ans).<\/p>\n\n\n\n<p>5, rue Curial 75019 Paris.<\/p>\n\n\n\n<p>T\u00e9l. 01 53 35 51 21. M\u00b0 Riquet.&nbsp;<\/p>\n\n\n\n<p><em>Mardi \u00e0 dimanche de 14h30 \u00e0 18h.&nbsp;<\/em><\/p>\n\n\n\n<p><strong><a href=\"http:\/\/www.ose-france.org\/enfance\/petite-enfance-maison-des-sources-0-4-ans\/\">La Maison des sources&nbsp;<\/a><\/strong>(jusqu\u2019\u00e0\n4 ans).<\/p>\n\n\n\n<p>83, rue Julien Lacroix (entr\u00e9e, 7 rue du S\u00e9n\u00e9gal) 75020 Paris.<\/p>\n\n\n\n<p>T\u00e9l. 01 84 79 61 99. M\u00b0 Belleville, Pyr\u00e9n\u00e9es, Couronnes.&nbsp;<\/p>\n\n\n\n<p><em>Lundi \u00e0 samedi de 14h30 \u00e0 18h30.&nbsp;<\/em><\/p>\n\n\n\n<p><strong><a href=\"http:\/\/www.epe-idf.com\/accueil\/la-maison-ouverte\">La Maison\nOuverte&nbsp;<\/a><\/strong>(jusqu\u2019\u00e0 4 ans).<\/p>\n\n\n\n<p>164, boulevard Voltaire 75011 Paris.<\/p>\n\n\n\n<p>T\u00e9l. 01 44 93 44 76. M\u00b0 Charonne.&nbsp;<\/p>\n\n\n\n<p><em>Mardi de 9h \u00e0 12h et 13h30 \u00e0 18h. Mercredi, jeudi, vendredi de 13h30 \u00e0\n18h. Samedi de 9h \u00e0 12h et 13h30 \u00e0 18h.&nbsp;<\/em><\/p>\n\n\n\n<p><strong><a href=\"http:\/\/www.lamaisonverte.asso.fr\/\">La Maison Verte<\/a><\/strong> (jusqu\u2019\u00e0 4 ans).<\/p>\n\n\n\n<p>13, rue Meilhac 75015 Paris.<\/p>\n\n\n\n<p>T\u00e9l. 01 43 06 02 82. M\u00b0 Cambronne, Avenue Emile Zola,  Commerce.&nbsp;<\/p>\n\n\n\n<p><em>Lundi \u00e0 vendredi de 14h \u00e0 19h. Samedi de 15h \u00e0 18 h30.&nbsp;<\/em><\/p>\n\n\n\n<p><strong><a href=\"https:\/\/estrelia.org\/laep-le-coquelicot\/\">Le Coquelicot&nbsp;<\/a><\/strong>(jusqu\u2019\u00e0 4\nans).<\/p>\n\n\n\n<p>15, rue du Maroc 75019 Paris.<\/p>\n\n\n\n<p>T\u00e9l. 01 40 34 63 95. M\u00b0 Stalingrad.&nbsp;<\/p>\n\n\n\n<p><em>Lundi, mardi, jeudi, samedi de 14h30 \u00e0 18h30.&nbsp;<\/em><\/p>\n\n\n\n<p><strong><a href=\"http:\/\/www.jardindesroos.fr\/\">Le Jardin des Roos<\/a><\/strong>\n(jusqu\u2019\u00e0 4 ans).<\/p>\n\n\n\n<p>81, rue des Vignoles 75020 Paris.<\/p>\n\n\n\n<p>T\u00e9l. 01 46 59 34 48. M\u00b0 Buzenval ou Maraicher.&nbsp;<\/p>\n\n\n\n<p><em>Lundi \u00e0 vendredi de 14h \u00e0 17h30.<\/em><\/p>\n\n\n\n<p><strong><a href=\"http:\/\/www.clap-passagedestoutpetits.com\/\">Le Passage des\nTout-Petits<\/a><\/strong> (jusqu\u2019\u00e0 5 ans).<\/p>\n\n\n\n<p>24, passage Raguinot 75012 Paris.<\/p>\n\n\n\n<p>T\u00e9l. 01 70 69 47 53. M\u00b0 Gare de Lyon.&nbsp;<\/p>\n\n\n\n<p><em>Lundi, mercredi, vendredi de 15h30 \u00e0 19h. Mercredi, samedi de 9h30 \u00e0\n13h.<\/em>&nbsp;<\/p>\n\n\n\n<p><a href=\"http:\/\/lesptitslesgrands.paris\/index.html\"><strong>Les P&rsquo;tits les Grands<\/strong><\/a> (jusqu\u2019\u00e0 4 ans). <\/p>\n\n\n\n<p>5, rue de La Boule Rouge\u00a075009 Paris.<\/p>\n\n\n\n<p>T\u00e9l. 01 53 34 85 50. M\u00b0 Cadet<\/p>\n\n\n\n<p><em>Lundi \u00e0 samedi de 14h40 \u00e0 18h30<\/em>.<\/p>\n","protected":false},"excerpt":{"rendered":"<p>Graine de Familles\u00a0(jusqu\u2019\u00e0 6 ans). 8, rue Perdonnet\u00a075010 Paris. T\u00e9l. 01 42 09 82 30. M\u00b0 La Chapelle, Gare du Nord.&nbsp; Lundi, mardi, vendredi de 10h \u00e0 12h30 et 15h \u00e0 18h30.&nbsp;Mercredi de 15h \u00e0 18h30. L\u2019Arbre Bleu\u00a0(jusqu\u2019\u00e0 4 ans). 52, rue Polonceau 75018 Paris. T\u00e9l. 01 42 59 38 26. M\u00b0 Ch\u00e2teau Rouge.&nbsp; Lundi, &hellip; <\/p>\n<p class=\"link-more\"><a href=\"https:\/\/www.lesptitsmatins.fr\/index.php\/laep-paris\/\" class=\"more-link\">Continuer la lecture<span class=\"screen-reader-text\"> de &laquo;&nbsp;Laep Paris&nbsp;&raquo;<\/span><\/a><\/p>\n","protected":false},"author":1,"featured_media":0,"parent":0,"menu_order":0,"comment_status":"closed","ping_status":"closed","template":"","meta":[],"yoast_head":"<!-- This site is optimized with the Yoast SEO plugin v19.13 - https:\/\/yoast.com\/wordpress\/plugins\/seo\/ -->\n<title>Laep Paris - Les P&#039;tits Matins<\/title>\n<meta name=\"description\" content=\"laep, lieu d&#039;accueil enfants parents, 0-6 ans, psychanalyse, dolto, maisons vertes, que faire avec mon enfant, parentale, monoparental, b\u00e9b\u00e9, familles, jeux, enfance, paris tout petit, caf, cr\u00e8che, halte garderie, mode de garde, nounou, assistantes maternelle, auxiliaires parentales,\" \/>\n<meta name=\"robots\" content=\"index, follow, max-snippet:-1, max-image-preview:large, max-video-preview:-1\" \/>\n<link rel=\"canonical\" href=\"https:\/\/www.lesptitsmatins.fr\/index.php\/laep-paris\/\" \/>\n<meta property=\"og:locale\" content=\"fr_FR\" \/>\n<meta property=\"og:type\" content=\"article\" \/>\n<meta property=\"og:title\" content=\"Laep Paris - Les P&#039;tits Matins\" \/>\n<meta property=\"og:description\" content=\"laep, lieu d&#039;accueil enfants parents, 0-6 ans, psychanalyse, dolto, maisons vertes, que faire avec mon enfant, parentale, monoparental, b\u00e9b\u00e9, familles, jeux, enfance, paris tout petit, caf, cr\u00e8che, halte garderie, mode de garde, nounou, assistantes maternelle, auxiliaires parentales,\" \/>\n<meta property=\"og:url\" content=\"https:\/\/www.lesptitsmatins.fr\/index.php\/laep-paris\/\" \/>\n<meta property=\"og:site_name\" content=\"Les P&#039;tits Matins\" \/>\n<meta property=\"article:modified_time\" content=\"2020-02-07T11:11:18+00:00\" \/>\n<meta name=\"twitter:card\" content=\"summary_large_image\" \/>\n<meta name=\"twitter:label1\" content=\"Dur\u00e9e de lecture est.\" \/>\n\t<meta name=\"twitter:data1\" content=\"2 minutes\" \/>\n<script type=\"application\/ld+json\" class=\"yoast-schema-graph\">{\"@context\":\"https:\/\/schema.org\",\"@graph\":[{\"@type\":\"WebPage\",\"@id\":\"https:\/\/www.lesptitsmatins.fr\/index.php\/laep-paris\/\",\"url\":\"https:\/\/www.lesptitsmatins.fr\/index.php\/laep-paris\/\",\"name\":\"Laep Paris - Les P&#039;tits Matins\",\"isPartOf\":{\"@id\":\"https:\/\/www.lesptitsmatins.fr\/#website\"},\"datePublished\":\"2019-07-11T09:47:56+00:00\",\"dateModified\":\"2020-02-07T11:11:18+00:00\",\"description\":\"laep, lieu d'accueil enfants parents, 0-6 ans, psychanalyse, dolto, maisons vertes, que faire avec mon enfant, parentale, monoparental, b\u00e9b\u00e9, familles, jeux, enfance, paris tout petit, caf, cr\u00e8che, halte garderie, mode de garde, nounou, assistantes maternelle, auxiliaires parentales,\",\"breadcrumb\":{\"@id\":\"https:\/\/www.lesptitsmatins.fr\/index.php\/laep-paris\/#breadcrumb\"},\"inLanguage\":\"fr-BE\",\"potentialAction\":[{\"@type\":\"ReadAction\",\"target\":[\"https:\/\/www.lesptitsmatins.fr\/index.php\/laep-paris\/\"]}]},{\"@type\":\"BreadcrumbList\",\"@id\":\"https:\/\/www.lesptitsmatins.fr\/index.php\/laep-paris\/#breadcrumb\",\"itemListElement\":[{\"@type\":\"ListItem\",\"position\":1,\"name\":\"Accueil\",\"item\":\"https:\/\/www.lesptitsmatins.fr\/\"},{\"@type\":\"ListItem\",\"position\":2,\"name\":\"Laep Paris\"}]},{\"@type\":\"WebSite\",\"@id\":\"https:\/\/www.lesptitsmatins.fr\/#website\",\"url\":\"https:\/\/www.lesptitsmatins.fr\/\",\"name\":\"Les Ptits Matins\",\"description\":\"Un lieu d&#039;accueil pour enfants en situation de handicap et leurs parents\",\"potentialAction\":[{\"@type\":\"SearchAction\",\"target\":{\"@type\":\"EntryPoint\",\"urlTemplate\":\"https:\/\/www.lesptitsmatins.fr\/?s={search_term_string}\"},\"query-input\":\"required name=search_term_string\"}],\"inLanguage\":\"fr-BE\"}]}<\/script>\n<!-- \/ Yoast SEO plugin. -->","yoast_head_json":{"title":"Laep Paris - Les P&#039;tits Matins","description":"laep, lieu d'accueil enfants parents, 0-6 ans, psychanalyse, dolto, maisons vertes, que faire avec mon enfant, parentale, monoparental, b\u00e9b\u00e9, familles, jeux, enfance, paris tout petit, caf, cr\u00e8che, halte garderie, mode de garde, nounou, assistantes maternelle, auxiliaires parentales,","robots":{"index":"index","follow":"follow","max-snippet":"max-snippet:-1","max-image-preview":"max-image-preview:large","max-video-preview":"max-video-preview:-1"},"canonical":"https:\/\/www.lesptitsmatins.fr\/index.php\/laep-paris\/","og_locale":"fr_FR","og_type":"article","og_title":"Laep Paris - Les P&#039;tits Matins","og_description":"laep, lieu d'accueil enfants parents, 0-6 ans, psychanalyse, dolto, maisons vertes, que faire avec mon enfant, parentale, monoparental, b\u00e9b\u00e9, familles, jeux, enfance, paris tout petit, caf, cr\u00e8che, halte garderie, mode de garde, nounou, assistantes maternelle, auxiliaires parentales,","og_url":"https:\/\/www.lesptitsmatins.fr\/index.php\/laep-paris\/","og_site_name":"Les P&#039;tits Matins","article_modified_time":"2020-02-07T11:11:18+00:00","twitter_card":"summary_large_image","twitter_misc":{"Dur\u00e9e de lecture est.":"2 minutes"},"schema":{"@context":"https:\/\/schema.org","@graph":[{"@type":"WebPage","@id":"https:\/\/www.lesptitsmatins.fr\/index.php\/laep-paris\/","url":"https:\/\/www.lesptitsmatins.fr\/index.php\/laep-paris\/","name":"Laep Paris - Les P&#039;tits Matins","isPartOf":{"@id":"https:\/\/www.lesptitsmatins.fr\/#website"},"datePublished":"2019-07-11T09:47:56+00:00","dateModified":"2020-02-07T11:11:18+00:00","description":"laep, lieu d'accueil enfants parents, 0-6 ans, psychanalyse, dolto, maisons vertes, que faire avec mon enfant, parentale, monoparental, b\u00e9b\u00e9, familles, jeux, enfance, paris tout petit, caf, cr\u00e8che, halte garderie, mode de garde, nounou, assistantes maternelle, auxiliaires parentales,","breadcrumb":{"@id":"https:\/\/www.lesptitsmatins.fr\/index.php\/laep-paris\/#breadcrumb"},"inLanguage":"fr-BE","potentialAction":[{"@type":"ReadAction","target":["https:\/\/www.lesptitsmatins.fr\/index.php\/laep-paris\/"]}]},{"@type":"BreadcrumbList","@id":"https:\/\/www.lesptitsmatins.fr\/index.php\/laep-paris\/#breadcrumb","itemListElement":[{"@type":"ListItem","position":1,"name":"Accueil","item":"https:\/\/www.lesptitsmatins.fr\/"},{"@type":"ListItem","position":2,"name":"Laep Paris"}]},{"@type":"WebSite","@id":"https:\/\/www.lesptitsmatins.fr\/#website","url":"https:\/\/www.lesptitsmatins.fr\/","name":"Les Ptits Matins","description":"Un lieu d&#039;accueil pour enfants en situation de handicap et leurs parents","potentialAction":[{"@type":"SearchAction","target":{"@type":"EntryPoint","urlTemplate":"https:\/\/www.lesptitsmatins.fr\/?s={search_term_string}"},"query-input":"required name=search_term_string"}],"inLanguage":"fr-BE"}]}},"_links":{"self":[{"href":"https:\/\/www.lesptitsmatins.fr\/index.php\/wp-json\/wp\/v2\/pages\/165"}],"collection":[{"href":"https:\/\/www.lesptitsmatins.fr\/index.php\/wp-json\/wp\/v2\/pages"}],"about":[{"href":"https:\/\/www.lesptitsmatins.fr\/index.php\/wp-json\/wp\/v2\/types\/page"}],"author":[{"embeddable":true,"href":"https:\/\/www.lesptitsmatins.fr\/index.php\/wp-json\/wp\/v2\/users\/1"}],"replies":[{"embeddable":true,"href":"https:\/\/www.lesptitsmatins.fr\/index.php\/wp-json\/wp\/v2\/comments?post=165"}],"version-history":[{"count":3,"href":"https:\/\/www.lesptitsmatins.fr\/index.php\/wp-json\/wp\/v2\/pages\/165\/revisions"}],"predecessor-version":[{"id":197,"href":"https:\/\/www.lesptitsmatins.fr\/index.php\/wp-json\/wp\/v2\/pages\/165\/revisions\/197"}],"wp:attachment":[{"href":"https:\/\/www.lesptitsmatins.fr\/index.php\/wp-json\/wp\/v2\/media?parent=165"}],"curies":[{"name":"wp","href":"https:\/\/api.w.org\/{rel}","templated":true}]}}